{"id":154,"date":"2017-01-08T17:10:30","date_gmt":"2017-01-08T17:10:30","guid":{"rendered":"http:\/\/wordpress.postillion-tegernsee.de\/?page_id=39"},"modified":"2018-05-06T13:06:19","modified_gmt":"2018-05-06T13:06:19","slug":"impressum","status":"publish","type":"page","link":"http:\/\/postillion-tegernsee.de\/?page_id=154","title":{"rendered":"Impressum"},"content":{"rendered":"<div class=\"clmn-2\">\n<p>Kontakt<br \/>\nN\u00f6rdliche Hauptstra\u00dfe 17-19<br \/>\nD \u2013 83700 Rottach-Egern<br \/>\nTel +49 8022 70 46 40<br \/>\ninfo@postillion-tegernsee.de<\/p>\n<p>Verantwortlich f\u00fcr den Inhalt<br \/>\nStefan Zink (\u00a7 6 MDStV)<\/p>\n<p>Inhaber<br \/>\nStefan Zink<\/p>\n<p>Handelsregisternummer<br \/>\nUSt.ID. DE258877652<\/p>\n<\/div>\n<div class=\"clmn-2\">\n<p>Konzeption und Design<br \/>\nMichelle Zink<br \/>\n<a href=\"http:\/\/www.mzink.de\/\" target=\"_blank\">www.mzink.de<\/a><\/p>\n<p>Realisierung und Technik<br \/>\nDirk Friedrich<br \/>\n<a href=\"http:\/\/designarr.de\/\" target=\"_blank\">www.designarr.de<\/a><\/p>\n<\/div>\n<div class=\"clear\"><\/div>\n<p><strong>Haftung f\u00fcr Inhalte<\/strong><\/p>\n<p>Als Diensteanbieter sind wir gem\u00e4\u00df \u00a7 7 Abs.1 TMG f\u00fcr eigene Inhalte auf diesen Seiten nach den\u00a0allgemeinen Gesetzen verantwortlich. Nach \u00a7\u00a7 8 bis 10 TMG sind wir als Diensteanbieter jedoch nicht\u00a0verpflichtet, \u00fcbermittelte oder gespeicherte fremde Informationen zu \u00fcberwachen oder nach Umst\u00e4nden\u00a0zu forschen, die auf eine rechtswidrige T\u00e4tigkeit hinweisen.\u00a0Verpflichtungen zur Entfernung oder Sperrung der Nutzung von Informationen nach den allgemeinen\u00a0Gesetzen bleiben hiervon unber\u00fchrt. Eine diesbez\u00fcgliche Haftung ist jedoch erst ab dem Zeitpunkt der\u00a0Kenntnis einer konkreten Rechtsverletzung m\u00f6glich. Bei Bekanntwerden von entsprechenden\u00a0Rechtsverletzungen werden wir diese Inhalte umgehend entfernen.<\/p>\n<p><strong>Haftung f\u00fcr Links<\/strong><\/p>\n<p>Unser Angebot enth\u00e4lt Links zu externen Websites Dritter, auf deren Inhalte wir keinen Einfluss haben.\u00a0Deshalb k\u00f6nnen wir f\u00fcr diese fremden Inhalte auch keine Gew\u00e4hr \u00fcbernehmen. F\u00fcr die Inhalte der\u00a0verlinkten Seiten ist stets der jeweilige Anbieter oder Betreiber der Seiten verantwortlich. Die verlinkten\u00a0Seiten wurden zum Zeitpunkt der Verlinkung auf m\u00f6gliche Rechtsverst\u00f6\u00dfe \u00fcberpr\u00fcft. Rechtswidrige\u00a0Inhalte waren zum Zeitpunkt der Verlinkung nicht erkennbar.\u00a0Eine permanente inhaltliche Kontrolle der verlinkten Seiten ist jedoch ohne konkrete Anhaltspunkte einer\u00a0Rechtsverletzung nicht zumutbar. Bei Bekanntwerden von Rechtsverletzungen werden wir derartige Links\u00a0umgehend entfernen.<\/p>\n<p><strong>Urheberrecht<\/strong><\/p>\n<p>Die durch die Seitenbetreiber erstellten Inhalte und Werke auf diesen Seiten unterliegen dem deutschen\u00a0Urheberrecht. Die Vervielf\u00e4ltigung, Bearbeitung, Verbreitung und jede Art der Verwertung au\u00dferhalb der\u00a0Grenzen des Urheberrechtes bed\u00fcrfen der schriftlichen Zustimmung des jeweiligen Autors bzw.\u00a0Erstellers. Downloads und Kopien dieser Seite sind nur f\u00fcr den privaten, nicht kommerziellen Gebrauch\u00a0gestattet.\u00a0Soweit die Inhalte auf dieser Seite nicht vom Betreiber erstellt wurden, werden die Urheberrechte Dritter\u00a0beachtet. Insbesondere werden Inhalte Dritter als solche gekennzeichnet. Sollten Sie trotzdem auf eine\u00a0Urheberrechtsverletzung aufmerksam werden, bitten wir um einen entsprechenden Hinweis. Bei\u00a0Bekanntwerden von Rechtsverletzungen werden wir derartige Inhalte umgehend entfernen.<\/p>\n<p>Stand Mai 2018<\/p>\n","protected":false},"excerpt":{"rendered":"<p>Kontakt N\u00f6rdliche Hauptstra\u00dfe 17-19 D \u2013 83700 Rottach-Egern Tel +49 8022 70 46 40 info@postillion-tegernsee.de Verantwortlich f\u00fcr den Inhalt Stefan Zink (\u00a7 6 MDStV) Inhaber Stefan Zink Handelsregisternummer USt.ID. DE258877652 Konzeption und Design Michelle Zink www.mzink.de Realisierung und Technik Dirk<\/p>\n","protected":false},"author":2,"featured_media":0,"parent":72,"menu_order":2,"comment_status":"closed","ping_status":"closed","template":"","meta":[],"_links":{"self":[{"href":"http:\/\/postillion-tegernsee.de\/index.php?rest_route=\/wp\/v2\/pages\/154"}],"collection":[{"href":"http:\/\/postillion-tegernsee.de\/index.php?rest_route=\/wp\/v2\/pages"}],"about":[{"href":"http:\/\/postillion-tegernsee.de\/index.php?rest_route=\/wp\/v2\/types\/page"}],"author":[{"embeddable":true,"href":"http:\/\/postillion-tegernsee.de\/index.php?rest_route=\/wp\/v2\/users\/2"}],"replies":[{"embeddable":true,"href":"http:\/\/postillion-tegernsee.de\/index.php?rest_route=%2Fwp%2Fv2%2Fcomments&post=154"}],"version-history":[{"count":3,"href":"http:\/\/postillion-tegernsee.de\/index.php?rest_route=\/wp\/v2\/pages\/154\/revisions"}],"predecessor-version":[{"id":438,"href":"http:\/\/postillion-tegernsee.de\/index.php?rest_route=\/wp\/v2\/pages\/154\/revisions\/438"}],"up":[{"embeddable":true,"href":"http:\/\/postillion-tegernsee.de\/index.php?rest_route=\/wp\/v2\/pages\/72"}],"wp:attachment":[{"href":"http:\/\/postillion-tegernsee.de\/index.php?rest_route=%2Fwp%2Fv2%2Fmedia&parent=154"}],"curies":[{"name":"wp","href":"https:\/\/api.w.org\/{rel}","templated":true}]}}